{"id":12,"date":"2026-01-29T15:39:40","date_gmt":"2026-01-29T15:39:40","guid":{"rendered":"http:\/\/depannage-pneus-poids-lourd.fr\/?page_id=12"},"modified":"2026-02-13T15:31:15","modified_gmt":"2026-02-13T14:31:15","slug":"pneumatique","status":"publish","type":"page","link":"https:\/\/depannage-pneus-poids-lourd.fr\/index.php\/pneumatique\/","title":{"rendered":"D\u00e9pannage pneus poids lourd"},"content":{"rendered":"\n<div class=\"wp-block-cover alignfull\" style=\"min-height:560px;aspect-ratio:unset;\"><img loading=\"lazy\" decoding=\"async\" width=\"1350\" height=\"900\" class=\"wp-block-cover__image-background wp-image-155 size-full\" alt=\"\" src=\"https:\/\/depannage-pneus-poids-lourd.fr\/wp-content\/uploads\/2026\/01\/Depannage-pneus-poids-lourd-a-LILLE-1.jpg\" data-object-fit=\"cover\" srcset=\"https:\/\/depannage-pneus-poids-lourd.fr\/wp-content\/uploads\/2026\/01\/Depannage-pneus-poids-lourd-a-LILLE-1.jpg 1350w, https:\/\/depannage-pneus-poids-lourd.fr\/wp-content\/uploads\/2026\/01\/Depannage-pneus-poids-lourd-a-LILLE-1-300x200.jpg 300w, https:\/\/depannage-pneus-poids-lourd.fr\/wp-content\/uploads\/2026\/01\/Depannage-pneus-poids-lourd-a-LILLE-1-1024x683.jpg 1024w, https:\/\/depannage-pneus-poids-lourd.fr\/wp-content\/uploads\/2026\/01\/Depannage-pneus-poids-lourd-a-LILLE-1-768x512.jpg 768w\" sizes=\"auto, (max-width: 1350px) 100vw, 1350px\" \/><span aria-hidden=\"true\" class=\"wp-block-cover__background has-background-dim-10 has-background-dim\" style=\"background-color:#444c52\"><\/span><div class=\"wp-block-cover__inner-container has-global-padding is-layout-constrained wp-container-core-cover-is-layout-4383d167 wp-block-cover-is-layout-constrained\">\n<h2 class=\"wp-block-heading has-text-align-center has-text-color has-link-color has-suranna-font-family wp-elements-556d79c1ba4102fa72875332a4b6ff5f\" style=\"color:#ffffff;font-size:clamp(33.419px, 2.089rem + ((1vw - 3.2px) * 3.021), 60px);font-style:normal;font-weight:500\">D\u00e9pannage Pneu Poids Lourd \u00e0 Lille \u2013 Urgence 24h\/24<\/h2>\n\n\n\n<p class=\"has-text-align-center\">D\u00e9pannage de pneumatique 24h\/24 et 7j\/7\u2009: intervention sur place\u2009!<\/p>\n<\/div><\/div>\n\n\n\n<div class=\"wp-block-group alignfull has-global-padding is-layout-constrained wp-container-core-group-is-layout-4383d167 wp-block-group-is-layout-constrained\">\n<div class=\"wp-block-group alignwide has-global-padding is-layout-constrained wp-container-core-group-is-layout-3dead192 wp-block-group-is-layout-constrained\" style=\"margin-top:0;margin-bottom:0;padding-top:80px;padding-bottom:80px\">\n<div class=\"wp-block-columns alignwide is-layout-flex wp-container-core-columns-is-layout-9cf8123d wp-block-columns-is-layout-flex\">\n<div class=\"wp-block-column is-layout-flow wp-block-column-is-layout-flow\">\n<figure class=\"wp-block-image size-large\"><img loading=\"lazy\" decoding=\"async\" width=\"1024\" height=\"683\" src=\"https:\/\/depannage-pneus-poids-lourd.fr\/wp-content\/uploads\/2026\/01\/remplacement-de-pneus-poids-lourd--1024x683.jpg\" alt=\"\" class=\"wp-image-135\" style=\"aspect-ratio:4\/3;object-fit:cover\" srcset=\"https:\/\/depannage-pneus-poids-lourd.fr\/wp-content\/uploads\/2026\/01\/remplacement-de-pneus-poids-lourd--1024x683.jpg 1024w, https:\/\/depannage-pneus-poids-lourd.fr\/wp-content\/uploads\/2026\/01\/remplacement-de-pneus-poids-lourd--300x200.jpg 300w, https:\/\/depannage-pneus-poids-lourd.fr\/wp-content\/uploads\/2026\/01\/remplacement-de-pneus-poids-lourd--768x512.jpg 768w, https:\/\/depannage-pneus-poids-lourd.fr\/wp-content\/uploads\/2026\/01\/remplacement-de-pneus-poids-lourd-.jpg 1224w\" sizes=\"auto, (max-width: 1024px) 100vw, 1024px\" \/><\/figure>\n<\/div>\n\n\n\n<div class=\"wp-block-column is-vertically-aligned-center is-layout-flow wp-block-column-is-layout-flow\" style=\"padding-left:15px\">\n<h2 class=\"wp-block-heading has-text-color has-link-color has-suranna-font-family wp-elements-42730d5268db9a57871e8790371d27fd\" style=\"color:#000000;font-size:clamp(18.959px, 1.185rem + ((1vw - 3.2px) * 1.255), 30px);font-style:normal;font-weight:500;line-height:1\">D\u00e9pannage Pneu Poids Lourd \u00e0 Lille<\/h2>\n\n\n\n<p class=\"has-text-color has-link-color has-outfit-font-family wp-elements-8d84791532f65bbf2d43528170919a3d\" style=\"color:#000000;font-size:clamp(14px, 0.875rem + ((1vw - 3.2px) * 0.227), 16px);font-style:normal;font-weight:400\">Une&nbsp;<strong>crevaison de pneu poids lourd<\/strong>&nbsp;peut paralyser votre activit\u00e9. C\u2019est pourquoi&nbsp;<strong>SOS D\u00e9pannage Pneu Poids Lourd \u00e0 Lille<\/strong>&nbsp;intervient&nbsp;<strong>imm\u00e9diatement sur site<\/strong>, sans remorquage.<\/p>\n\n\n\n<h4 class=\"wp-block-heading\">Nos prestations poids lourd :<\/h4>\n\n\n\n<ul class=\"wp-block-list\">\n<li class=\"has-medium-font-size\">D\u00e9pannage pneu camion<\/li>\n\n\n\n<li class=\"has-medium-font-size\">R\u00e9paration pneu poids lourd<\/li>\n\n\n\n<li class=\"has-medium-font-size\">Remplacement pneu sur place<\/li>\n\n\n\n<li class=\"has-medium-font-size\">Intervention jour et nuit<\/li>\n\n\n\n<li class=\"has-medium-font-size\">Assistance sur autoroute et zones industrielles<\/li>\n<\/ul>\n\n\n\n<p class=\"has-medium-font-size\">Nous travaillons avec des&nbsp;<strong>pneus adapt\u00e9s aux charges lourdes<\/strong>&nbsp;et respectons les normes de s\u00e9curit\u00e9 en vigueur.<\/p>\n\n\n\n<p class=\"has-text-color has-link-color has-outfit-font-family wp-elements-6ceb338dff8b440a3babc4a139d5227a\" style=\"color:#000000;font-size:clamp(14px, 0.875rem + ((1vw - 3.2px) * 0.227), 16px);font-style:normal;font-weight:400\">\ud83d\udcde&nbsp;<strong>Urgence poids lourd Lille : 06 50 01 25 40<\/strong><\/p>\n\n\n\n<div class=\"wp-block-buttons is-content-justification-center is-layout-flex wp-container-core-buttons-is-layout-a89b3969 wp-block-buttons-is-layout-flex\">\n<div class=\"wp-block-button\"><a class=\"wp-block-button__link has-luminous-vivid-amber-to-luminous-vivid-orange-gradient-background has-text-color has-background has-link-color has-outfit-font-family has-custom-font-size wp-element-button\" href=\"tel:0650012540\" style=\"border-radius:0px;color:#ffffff;padding-top:8px;padding-right:60px;padding-bottom:8px;padding-left:60px;font-size:clamp(14px, 0.875rem + ((1vw - 3.2px) * 0.455), 18px);\">Contactez-nous <\/a><\/div>\n<\/div>\n<\/div>\n<\/div>\n\n\n\n<div class=\"wp-block-columns alignwide is-layout-flex wp-container-core-columns-is-layout-f9472849 wp-block-columns-is-layout-flex\" style=\"padding-top:80px;padding-bottom:80px\">\n<div class=\"wp-block-column is-vertically-aligned-center is-layout-flow wp-block-column-is-layout-flow\" style=\"padding-right:15px\">\n<h2 class=\"wp-block-heading has-text-color has-link-color has-suranna-font-family wp-elements-dcd09d47d838c8e49476e06dfc7faf69\" style=\"color:#000000;font-size:clamp(18.959px, 1.185rem + ((1vw - 3.2px) * 1.255), 30px);font-style:normal;font-weight:500;line-height:1\">Sp\u00e9cialiste D\u00e9pannage Pneu Poids Lourd \u00e0 Lille &amp; R\u00e9gion Nord<\/h2>\n\n\n\n<p class=\"has-text-color has-link-color has-outfit-font-family wp-elements-57cfb9247e1d1a387083d4b603a63c55\" style=\"color:#000000;font-size:clamp(14px, 0.875rem + ((1vw - 3.2px) * 0.227), 16px);font-style:normal;font-weight:400\">Expert en d\u00e9pannage pneumatique PL \u00e0 Lille. Intervention sur site pour camions, bus et engins agricoles. Une immobilisation de poids lourd co\u00fbte cher \u00e0 votre entreprise. C&rsquo;est pourquoi <strong>SOS D\u00e9pannage Pneu Poids Lourd<\/strong> a d\u00e9velopp\u00e9 une expertise sp\u00e9cifique pour les transporteurs et logisticiens de la r\u00e9gion de Lille.<\/p>\n\n\n\n<div class=\"wp-block-buttons is-content-justification-center is-layout-flex wp-container-core-buttons-is-layout-a89b3969 wp-block-buttons-is-layout-flex\">\n<div class=\"wp-block-button\"><a class=\"wp-block-button__link has-luminous-vivid-amber-to-luminous-vivid-orange-gradient-background has-text-color has-background has-link-color has-outfit-font-family has-custom-font-size wp-element-button\" href=\"https:\/\/depannage-pneus-poids-lourd.fr\/index.php\/contact\/\" style=\"border-radius:0px;color:#ffffff;padding-top:8px;padding-right:60px;padding-bottom:8px;padding-left:60px;font-size:clamp(14px, 0.875rem + ((1vw - 3.2px) * 0.455), 18px);\">Devis gratuit<\/a><\/div>\n<\/div>\n<\/div>\n\n\n\n<div class=\"wp-block-column is-layout-flow wp-block-column-is-layout-flow\">\n<figure class=\"wp-block-image size-full\"><img loading=\"lazy\" decoding=\"async\" width=\"1224\" height=\"816\" src=\"https:\/\/depannage-pneus-poids-lourd.fr\/wp-content\/uploads\/2026\/01\/remplacement-pneus-poids-lourd-a-lille-1.jpg\" alt=\"\" class=\"wp-image-152\" style=\"aspect-ratio:4\/3;object-fit:cover\" srcset=\"https:\/\/depannage-pneus-poids-lourd.fr\/wp-content\/uploads\/2026\/01\/remplacement-pneus-poids-lourd-a-lille-1.jpg 1224w, https:\/\/depannage-pneus-poids-lourd.fr\/wp-content\/uploads\/2026\/01\/remplacement-pneus-poids-lourd-a-lille-1-300x200.jpg 300w, https:\/\/depannage-pneus-poids-lourd.fr\/wp-content\/uploads\/2026\/01\/remplacement-pneus-poids-lourd-a-lille-1-1024x683.jpg 1024w, https:\/\/depannage-pneus-poids-lourd.fr\/wp-content\/uploads\/2026\/01\/remplacement-pneus-poids-lourd-a-lille-1-768x512.jpg 768w\" sizes=\"auto, (max-width: 1224px) 100vw, 1224px\" \/><\/figure>\n<\/div>\n<\/div>\n\n\n\n<div class=\"wp-block-columns alignwide is-layout-flex wp-container-core-columns-is-layout-9cf8123d wp-block-columns-is-layout-flex\">\n<div class=\"wp-block-column is-layout-flow wp-block-column-is-layout-flow\">\n<figure class=\"wp-block-image size-full\"><img loading=\"lazy\" decoding=\"async\" width=\"720\" height=\"480\" src=\"https:\/\/depannage-pneus-poids-lourd.fr\/wp-content\/uploads\/2026\/01\/specialiste-pneus-poids-lourd-creve-a-Lille-.jpg\" alt=\"\" class=\"wp-image-139\" style=\"aspect-ratio:4\/3;object-fit:cover\" srcset=\"https:\/\/depannage-pneus-poids-lourd.fr\/wp-content\/uploads\/2026\/01\/specialiste-pneus-poids-lourd-creve-a-Lille-.jpg 720w, https:\/\/depannage-pneus-poids-lourd.fr\/wp-content\/uploads\/2026\/01\/specialiste-pneus-poids-lourd-creve-a-Lille--300x200.jpg 300w\" sizes=\"auto, (max-width: 720px) 100vw, 720px\" \/><\/figure>\n<\/div>\n\n\n\n<div class=\"wp-block-column is-vertically-aligned-center is-layout-flow wp-block-column-is-layout-flow\" style=\"padding-left:15px\">\n<h2 class=\"wp-block-heading has-text-color has-link-color has-suranna-font-family wp-elements-82c84182f9879c18ead7965651760f75\" style=\"color:#000000;font-size:clamp(18.959px, 1.185rem + ((1vw - 3.2px) * 1.255), 30px);font-style:normal;font-weight:500;line-height:1\">Maintenance et Remplacement de Pneumatiques PL<\/h2>\n\n\n\n<p class=\"has-text-color has-link-color has-outfit-font-family wp-elements-e2b5a3d68a0e569be01a3293fd28760e\" style=\"color:#000000;font-size:clamp(14px, 0.875rem + ((1vw - 3.2px) * 0.227), 16px);font-style:normal;font-weight:400\">Nos camions ateliers sont \u00e9quip\u00e9s de d\u00e9monte-pneus hydrauliques permettant de traiter :<\/p>\n\n\n\n<ul class=\"wp-block-list\">\n<li class=\"has-medium-font-size\">Flottes d&rsquo;autocars.<\/li>\n\n\n\n<li class=\"has-medium-font-size\">Semi-remorques et porteurs.<\/li>\n\n\n\n<li class=\"has-medium-font-size\">Engins de chantier et agricoles.<\/li>\n<\/ul>\n\n\n\n<p class=\"has-medium-font-size\"><strong>SOS D\u00e9pannage Pneu Poids Lourd<\/strong> a d\u00e9velopp\u00e9 une expertise sp\u00e9cifique pour les transporteurs et logisticiens de la r\u00e9gion de Lille.<\/p>\n<\/div>\n<\/div>\n<\/div>\n<\/div>\n","protected":false},"excerpt":{"rendered":"<p>D\u00e9pannage Pneu Poids Lourd \u00e0 Lille Une&nbsp;crevaison de pneu poids lourd&nbsp;peut paralyser votre activit\u00e9. C\u2019est pourquoi&nbsp;SOS D\u00e9pannage Pneu Poids Lourd \u00e0 Lille&nbsp;intervient&nbsp;imm\u00e9diatement sur site, sans remorquage. Nos prestations poids lourd : Nous travaillons avec des&nbsp;pneus adapt\u00e9s aux charges lourdes&nbsp;et respectons les normes de s\u00e9curit\u00e9 en vigueur. \ud83d\udcde&nbsp;Urgence poids lourd Lille : 06 50 01 25 [&hellip;]<\/p>\n","protected":false},"author":1,"featured_media":0,"parent":0,"menu_order":0,"comment_status":"closed","ping_status":"closed","template":"","meta":{"footnotes":""},"class_list":["post-12","page","type-page","status-publish","hentry"],"yoast_head":"<!-- This site is optimized with the Yoast SEO plugin v27.0 - https:\/\/yoast.com\/product\/yoast-seo-wordpress\/ -->\n<title>D\u00e9pannage pneus poids lourd - SOS DEPANNAGE PNEUS POIDS LOURD<\/title>\n<meta name=\"robots\" content=\"index, follow, max-snippet:-1, max-image-preview:large, max-video-preview:-1\" \/>\n<link rel=\"canonical\" href=\"https:\/\/depannage-pneus-poids-lourd.fr\/index.php\/pneumatique\/\" \/>\n<meta property=\"og:locale\" content=\"fr_FR\" \/>\n<meta property=\"og:type\" content=\"article\" \/>\n<meta property=\"og:title\" content=\"D\u00e9pannage pneus poids lourd - SOS DEPANNAGE PNEUS POIDS LOURD\" \/>\n<meta property=\"og:description\" content=\"D\u00e9pannage Pneu Poids Lourd \u00e0 Lille Une&nbsp;crevaison de pneu poids lourd&nbsp;peut paralyser votre activit\u00e9. C\u2019est pourquoi&nbsp;SOS D\u00e9pannage Pneu Poids Lourd \u00e0 Lille&nbsp;intervient&nbsp;imm\u00e9diatement sur site, sans remorquage. Nos prestations poids lourd : Nous travaillons avec des&nbsp;pneus adapt\u00e9s aux charges lourdes&nbsp;et respectons les normes de s\u00e9curit\u00e9 en vigueur. \ud83d\udcde&nbsp;Urgence poids lourd Lille : 06 50 01 25 [&hellip;]\" \/>\n<meta property=\"og:url\" content=\"https:\/\/depannage-pneus-poids-lourd.fr\/index.php\/pneumatique\/\" \/>\n<meta property=\"og:site_name\" content=\"SOS DEPANNAGE PNEUS POIDS LOURD\" \/>\n<meta property=\"article:modified_time\" content=\"2026-02-13T14:31:15+00:00\" \/>\n<meta property=\"og:image\" content=\"http:\/\/depannage-pneus-poids-lourd.fr\/wp-content\/uploads\/2026\/01\/Depannage-pneus-poids-lourd-a-LILLE-1.jpg\" \/>\n<meta name=\"twitter:card\" content=\"summary_large_image\" \/>\n<meta name=\"twitter:label1\" content=\"Dur\u00e9e de lecture estim\u00e9e\" \/>\n\t<meta name=\"twitter:data1\" content=\"2 minutes\" \/>\n<script type=\"application\/ld+json\" class=\"yoast-schema-graph\">{\"@context\":\"https:\/\/schema.org\",\"@graph\":[{\"@type\":\"WebPage\",\"@id\":\"https:\/\/depannage-pneus-poids-lourd.fr\/index.php\/pneumatique\/\",\"url\":\"https:\/\/depannage-pneus-poids-lourd.fr\/index.php\/pneumatique\/\",\"name\":\"D\u00e9pannage pneus poids lourd - SOS DEPANNAGE PNEUS POIDS LOURD\",\"isPartOf\":{\"@id\":\"https:\/\/depannage-pneus-poids-lourd.fr\/#website\"},\"primaryImageOfPage\":{\"@id\":\"https:\/\/depannage-pneus-poids-lourd.fr\/index.php\/pneumatique\/#primaryimage\"},\"image\":{\"@id\":\"https:\/\/depannage-pneus-poids-lourd.fr\/index.php\/pneumatique\/#primaryimage\"},\"thumbnailUrl\":\"http:\/\/depannage-pneus-poids-lourd.fr\/wp-content\/uploads\/2026\/01\/Depannage-pneus-poids-lourd-a-LILLE-1.jpg\",\"datePublished\":\"2026-01-29T15:39:40+00:00\",\"dateModified\":\"2026-02-13T14:31:15+00:00\",\"breadcrumb\":{\"@id\":\"https:\/\/depannage-pneus-poids-lourd.fr\/index.php\/pneumatique\/#breadcrumb\"},\"inLanguage\":\"fr-FR\",\"potentialAction\":[{\"@type\":\"ReadAction\",\"target\":[\"https:\/\/depannage-pneus-poids-lourd.fr\/index.php\/pneumatique\/\"]}]},{\"@type\":\"ImageObject\",\"inLanguage\":\"fr-FR\",\"@id\":\"https:\/\/depannage-pneus-poids-lourd.fr\/index.php\/pneumatique\/#primaryimage\",\"url\":\"http:\/\/depannage-pneus-poids-lourd.fr\/wp-content\/uploads\/2026\/01\/Depannage-pneus-poids-lourd-a-LILLE-1.jpg\",\"contentUrl\":\"http:\/\/depannage-pneus-poids-lourd.fr\/wp-content\/uploads\/2026\/01\/Depannage-pneus-poids-lourd-a-LILLE-1.jpg\"},{\"@type\":\"BreadcrumbList\",\"@id\":\"https:\/\/depannage-pneus-poids-lourd.fr\/index.php\/pneumatique\/#breadcrumb\",\"itemListElement\":[{\"@type\":\"ListItem\",\"position\":1,\"name\":\"Home\",\"item\":\"https:\/\/depannage-pneus-poids-lourd.fr\/\"},{\"@type\":\"ListItem\",\"position\":2,\"name\":\"D\u00e9pannage pneus poids lourd\"}]},{\"@type\":\"WebSite\",\"@id\":\"https:\/\/depannage-pneus-poids-lourd.fr\/#website\",\"url\":\"https:\/\/depannage-pneus-poids-lourd.fr\/\",\"name\":\"SOS DEPANNAGE PNEUS POIDS LOURD\",\"description\":\"Le r\u00e9flexe poids lourd, 24h\/24.\",\"publisher\":{\"@id\":\"https:\/\/depannage-pneus-poids-lourd.fr\/#organization\"},\"potentialAction\":[{\"@type\":\"SearchAction\",\"target\":{\"@type\":\"EntryPoint\",\"urlTemplate\":\"https:\/\/depannage-pneus-poids-lourd.fr\/?s={search_term_string}\"},\"query-input\":{\"@type\":\"PropertyValueSpecification\",\"valueRequired\":true,\"valueName\":\"search_term_string\"}}],\"inLanguage\":\"fr-FR\"},{\"@type\":\"Organization\",\"@id\":\"https:\/\/depannage-pneus-poids-lourd.fr\/#organization\",\"name\":\"SOS DEPANNAGE PNEUS POIDS LOURD\",\"url\":\"https:\/\/depannage-pneus-poids-lourd.fr\/\",\"logo\":{\"@type\":\"ImageObject\",\"inLanguage\":\"fr-FR\",\"@id\":\"https:\/\/depannage-pneus-poids-lourd.fr\/#\/schema\/logo\/image\/\",\"url\":\"https:\/\/depannage-pneus-poids-lourd.fr\/wp-content\/uploads\/2026\/02\/Logo-Depannage-pneus-poids-lourd-V1.png\",\"contentUrl\":\"https:\/\/depannage-pneus-poids-lourd.fr\/wp-content\/uploads\/2026\/02\/Logo-Depannage-pneus-poids-lourd-V1.png\",\"width\":2000,\"height\":2000,\"caption\":\"SOS DEPANNAGE PNEUS POIDS LOURD\"},\"image\":{\"@id\":\"https:\/\/depannage-pneus-poids-lourd.fr\/#\/schema\/logo\/image\/\"}}]}<\/script>\n<!-- \/ Yoast SEO plugin. -->","yoast_head_json":{"title":"D\u00e9pannage pneus poids lourd - SOS DEPANNAGE PNEUS POIDS LOURD","robots":{"index":"index","follow":"follow","max-snippet":"max-snippet:-1","max-image-preview":"max-image-preview:large","max-video-preview":"max-video-preview:-1"},"canonical":"https:\/\/depannage-pneus-poids-lourd.fr\/index.php\/pneumatique\/","og_locale":"fr_FR","og_type":"article","og_title":"D\u00e9pannage pneus poids lourd - SOS DEPANNAGE PNEUS POIDS LOURD","og_description":"D\u00e9pannage Pneu Poids Lourd \u00e0 Lille Une&nbsp;crevaison de pneu poids lourd&nbsp;peut paralyser votre activit\u00e9. C\u2019est pourquoi&nbsp;SOS D\u00e9pannage Pneu Poids Lourd \u00e0 Lille&nbsp;intervient&nbsp;imm\u00e9diatement sur site, sans remorquage. Nos prestations poids lourd : Nous travaillons avec des&nbsp;pneus adapt\u00e9s aux charges lourdes&nbsp;et respectons les normes de s\u00e9curit\u00e9 en vigueur. \ud83d\udcde&nbsp;Urgence poids lourd Lille : 06 50 01 25 [&hellip;]","og_url":"https:\/\/depannage-pneus-poids-lourd.fr\/index.php\/pneumatique\/","og_site_name":"SOS DEPANNAGE PNEUS POIDS LOURD","article_modified_time":"2026-02-13T14:31:15+00:00","og_image":[{"url":"http:\/\/depannage-pneus-poids-lourd.fr\/wp-content\/uploads\/2026\/01\/Depannage-pneus-poids-lourd-a-LILLE-1.jpg","type":"","width":"","height":""}],"twitter_card":"summary_large_image","twitter_misc":{"Dur\u00e9e de lecture estim\u00e9e":"2 minutes"},"schema":{"@context":"https:\/\/schema.org","@graph":[{"@type":"WebPage","@id":"https:\/\/depannage-pneus-poids-lourd.fr\/index.php\/pneumatique\/","url":"https:\/\/depannage-pneus-poids-lourd.fr\/index.php\/pneumatique\/","name":"D\u00e9pannage pneus poids lourd - SOS DEPANNAGE PNEUS POIDS LOURD","isPartOf":{"@id":"https:\/\/depannage-pneus-poids-lourd.fr\/#website"},"primaryImageOfPage":{"@id":"https:\/\/depannage-pneus-poids-lourd.fr\/index.php\/pneumatique\/#primaryimage"},"image":{"@id":"https:\/\/depannage-pneus-poids-lourd.fr\/index.php\/pneumatique\/#primaryimage"},"thumbnailUrl":"http:\/\/depannage-pneus-poids-lourd.fr\/wp-content\/uploads\/2026\/01\/Depannage-pneus-poids-lourd-a-LILLE-1.jpg","datePublished":"2026-01-29T15:39:40+00:00","dateModified":"2026-02-13T14:31:15+00:00","breadcrumb":{"@id":"https:\/\/depannage-pneus-poids-lourd.fr\/index.php\/pneumatique\/#breadcrumb"},"inLanguage":"fr-FR","potentialAction":[{"@type":"ReadAction","target":["https:\/\/depannage-pneus-poids-lourd.fr\/index.php\/pneumatique\/"]}]},{"@type":"ImageObject","inLanguage":"fr-FR","@id":"https:\/\/depannage-pneus-poids-lourd.fr\/index.php\/pneumatique\/#primaryimage","url":"http:\/\/depannage-pneus-poids-lourd.fr\/wp-content\/uploads\/2026\/01\/Depannage-pneus-poids-lourd-a-LILLE-1.jpg","contentUrl":"http:\/\/depannage-pneus-poids-lourd.fr\/wp-content\/uploads\/2026\/01\/Depannage-pneus-poids-lourd-a-LILLE-1.jpg"},{"@type":"BreadcrumbList","@id":"https:\/\/depannage-pneus-poids-lourd.fr\/index.php\/pneumatique\/#breadcrumb","itemListElement":[{"@type":"ListItem","position":1,"name":"Home","item":"https:\/\/depannage-pneus-poids-lourd.fr\/"},{"@type":"ListItem","position":2,"name":"D\u00e9pannage pneus poids lourd"}]},{"@type":"WebSite","@id":"https:\/\/depannage-pneus-poids-lourd.fr\/#website","url":"https:\/\/depannage-pneus-poids-lourd.fr\/","name":"SOS DEPANNAGE PNEUS POIDS LOURD","description":"Le r\u00e9flexe poids lourd, 24h\/24.","publisher":{"@id":"https:\/\/depannage-pneus-poids-lourd.fr\/#organization"},"potentialAction":[{"@type":"SearchAction","target":{"@type":"EntryPoint","urlTemplate":"https:\/\/depannage-pneus-poids-lourd.fr\/?s={search_term_string}"},"query-input":{"@type":"PropertyValueSpecification","valueRequired":true,"valueName":"search_term_string"}}],"inLanguage":"fr-FR"},{"@type":"Organization","@id":"https:\/\/depannage-pneus-poids-lourd.fr\/#organization","name":"SOS DEPANNAGE PNEUS POIDS LOURD","url":"https:\/\/depannage-pneus-poids-lourd.fr\/","logo":{"@type":"ImageObject","inLanguage":"fr-FR","@id":"https:\/\/depannage-pneus-poids-lourd.fr\/#\/schema\/logo\/image\/","url":"https:\/\/depannage-pneus-poids-lourd.fr\/wp-content\/uploads\/2026\/02\/Logo-Depannage-pneus-poids-lourd-V1.png","contentUrl":"https:\/\/depannage-pneus-poids-lourd.fr\/wp-content\/uploads\/2026\/02\/Logo-Depannage-pneus-poids-lourd-V1.png","width":2000,"height":2000,"caption":"SOS DEPANNAGE PNEUS POIDS LOURD"},"image":{"@id":"https:\/\/depannage-pneus-poids-lourd.fr\/#\/schema\/logo\/image\/"}}]}},"_links":{"self":[{"href":"https:\/\/depannage-pneus-poids-lourd.fr\/index.php\/wp-json\/wp\/v2\/pages\/12","targetHints":{"allow":["GET"]}}],"collection":[{"href":"https:\/\/depannage-pneus-poids-lourd.fr\/index.php\/wp-json\/wp\/v2\/pages"}],"about":[{"href":"https:\/\/depannage-pneus-poids-lourd.fr\/index.php\/wp-json\/wp\/v2\/types\/page"}],"author":[{"embeddable":true,"href":"https:\/\/depannage-pneus-poids-lourd.fr\/index.php\/wp-json\/wp\/v2\/users\/1"}],"replies":[{"embeddable":true,"href":"https:\/\/depannage-pneus-poids-lourd.fr\/index.php\/wp-json\/wp\/v2\/comments?post=12"}],"version-history":[{"count":14,"href":"https:\/\/depannage-pneus-poids-lourd.fr\/index.php\/wp-json\/wp\/v2\/pages\/12\/revisions"}],"predecessor-version":[{"id":200,"href":"https:\/\/depannage-pneus-poids-lourd.fr\/index.php\/wp-json\/wp\/v2\/pages\/12\/revisions\/200"}],"wp:attachment":[{"href":"https:\/\/depannage-pneus-poids-lourd.fr\/index.php\/wp-json\/wp\/v2\/media?parent=12"}],"curies":[{"name":"wp","href":"https:\/\/api.w.org\/{rel}","templated":true}]}}