{"id":10,"date":"2026-01-29T15:39:18","date_gmt":"2026-01-29T15:39:18","guid":{"rendered":"http:\/\/depannage-pneus-poids-lourd.fr\/?page_id=10"},"modified":"2026-02-03T16:29:02","modified_gmt":"2026-02-03T15:29:02","slug":"depannage","status":"publish","type":"page","link":"https:\/\/depannage-pneus-poids-lourd.fr\/index.php\/depannage\/","title":{"rendered":"D\u00e9pannage pneu auto"},"content":{"rendered":"\n<div class=\"wp-block-cover alignfull\" style=\"min-height:489px;aspect-ratio:unset;\"><img loading=\"lazy\" decoding=\"async\" width=\"520\" height=\"174\" class=\"wp-block-cover__image-background wp-image-153 size-full\" alt=\"\" src=\"https:\/\/depannage-pneus-poids-lourd.fr\/wp-content\/uploads\/2026\/01\/reparation-pneu-voiture-a-lille.jpg\" data-object-fit=\"cover\" srcset=\"https:\/\/depannage-pneus-poids-lourd.fr\/wp-content\/uploads\/2026\/01\/reparation-pneu-voiture-a-lille.jpg 520w, https:\/\/depannage-pneus-poids-lourd.fr\/wp-content\/uploads\/2026\/01\/reparation-pneu-voiture-a-lille-300x100.jpg 300w\" sizes=\"auto, (max-width: 520px) 100vw, 520px\" \/><span aria-hidden=\"true\" class=\"wp-block-cover__background has-background-dim-20 has-background-dim\" style=\"background-color:#4b5164\"><\/span><div class=\"wp-block-cover__inner-container has-global-padding is-layout-constrained wp-container-core-cover-is-layout-4383d167 wp-block-cover-is-layout-constrained\">\n<h2 class=\"wp-block-heading has-text-align-center has-text-color has-link-color has-suranna-font-family wp-elements-d9cd8ec3eaade3212efeabfe3c2fd82b\" style=\"color:#ffffff;font-size:clamp(33.419px, 2.089rem + ((1vw - 3.2px) * 3.021), 60px);font-style:normal;font-weight:500\">D\u00e9pannage Pneu Auto \u00e0 Lille \u2013 Intervention Rapide<\/h2>\n<\/div><\/div>\n\n\n\n<div class=\"wp-block-group alignfull has-global-padding is-layout-constrained wp-container-core-group-is-layout-4383d167 wp-block-group-is-layout-constrained\">\n<div class=\"wp-block-group alignwide has-global-padding is-layout-constrained wp-container-core-group-is-layout-3dead192 wp-block-group-is-layout-constrained\" style=\"margin-top:0;margin-bottom:0;padding-top:80px;padding-bottom:80px\">\n<div class=\"wp-block-columns alignwide is-layout-flex wp-container-core-columns-is-layout-9cf8123d wp-block-columns-is-layout-flex\">\n<div class=\"wp-block-column is-layout-flow wp-block-column-is-layout-flow\">\n<figure class=\"wp-block-image size-full\"><img loading=\"lazy\" decoding=\"async\" width=\"800\" height=\"500\" src=\"https:\/\/depannage-pneus-poids-lourd.fr\/wp-content\/uploads\/2026\/01\/Depannage-pneumatique-a-lille.jpg\" alt=\"\" class=\"wp-image-154\" style=\"aspect-ratio:4\/3;object-fit:cover\" srcset=\"https:\/\/depannage-pneus-poids-lourd.fr\/wp-content\/uploads\/2026\/01\/Depannage-pneumatique-a-lille.jpg 800w, https:\/\/depannage-pneus-poids-lourd.fr\/wp-content\/uploads\/2026\/01\/Depannage-pneumatique-a-lille-300x188.jpg 300w, https:\/\/depannage-pneus-poids-lourd.fr\/wp-content\/uploads\/2026\/01\/Depannage-pneumatique-a-lille-768x480.jpg 768w\" sizes=\"auto, (max-width: 800px) 100vw, 800px\" \/><\/figure>\n<\/div>\n\n\n\n<div class=\"wp-block-column is-vertically-aligned-center is-layout-flow wp-block-column-is-layout-flow\" style=\"padding-left:15px\">\n<h2 class=\"wp-block-heading has-text-color has-link-color has-suranna-font-family wp-elements-c53ca1b5ba9b2b083d557279e0e03ceb\" style=\"color:#000000;font-size:clamp(18.959px, 1.185rem + ((1vw - 3.2px) * 1.255), 30px);font-style:normal;font-weight:500;line-height:1\">D\u00e9pannage Pneu Auto \u00e0 Lille<\/h2>\n\n\n\n<p class=\"has-text-color has-link-color has-outfit-font-family wp-elements-7161ddc4eb5638bddb38a0321c37e378\" style=\"color:#000000;font-size:clamp(14px, 0.875rem + ((1vw - 3.2px) * 0.227), 16px);font-style:normal;font-weight:400\">Votre voiture est immobilis\u00e9e \u00e0 cause d\u2019une crevaison ?&nbsp;<strong>SOS D\u00e9pannage Pneu Auto \u00e0 Lille<\/strong>&nbsp;intervient rapidement pour :<\/p>\n\n\n\n<ul class=\"wp-block-list\">\n<li class=\"has-medium-font-size\">Changement de pneu<\/li>\n\n\n\n<li class=\"has-medium-font-size\">R\u00e9paration crevaison<\/li>\n\n\n\n<li class=\"has-medium-font-size\">Remplacement roue de secours<\/li>\n\n\n\n<li class=\"has-medium-font-size\">Assistance v\u00e9hicule bloqu\u00e9<\/li>\n<\/ul>\n\n\n\n<p class=\"has-text-color has-link-color has-outfit-font-family wp-elements-234188b5caaf5cca0856545bdff22c0e\" style=\"color:#000000;font-size:clamp(14px, 0.875rem + ((1vw - 3.2px) * 0.227), 16px);font-style:normal;font-weight:400\">Nous intervenons sur&nbsp;<strong>tous types de v\u00e9hicules<\/strong>&nbsp;: citadine, berline, utilitaire.<\/p>\n\n\n\n<p class=\"has-text-color has-link-color has-outfit-font-family wp-elements-349b924769926a8ce0ecfec710afeda8\" style=\"color:#000000;font-size:clamp(14px, 0.875rem + ((1vw - 3.2px) * 0.227), 16px);font-style:normal;font-weight:400\">Plus besoin de faire remorquer votre v\u00e9hicule au garage ! Nous venons \u00e0 vous. Que vous soyez au bureau, \u00e0 la maison ou sur le bord de la route, nous g\u00e9rons votre crevaison imm\u00e9diatement.<\/p>\n<\/div>\n<\/div>\n\n\n\n<div class=\"wp-block-columns alignwide is-layout-flex wp-container-core-columns-is-layout-f9472849 wp-block-columns-is-layout-flex\" style=\"padding-top:80px;padding-bottom:80px\">\n<div class=\"wp-block-column is-vertically-aligned-center is-layout-flow wp-block-column-is-layout-flow\" style=\"padding-right:15px\">\n<h2 class=\"wp-block-heading has-text-color has-link-color has-suranna-font-family wp-elements-f4ec63af445962743284ce8d5345b172\" style=\"color:#000000;font-size:clamp(18.959px, 1.185rem + ((1vw - 3.2px) * 1.255), 30px);font-style:normal;font-weight:500;line-height:1\">Nos prestations de service pneumatique mobile \u00e0 Lille<\/h2>\n\n\n\n<p class=\"has-text-color has-link-color has-outfit-font-family wp-elements-8e3c151e16665dac2860143a676136b1\" style=\"color:#000000;font-size:clamp(14px, 0.875rem + ((1vw - 3.2px) * 0.227), 16px);font-style:normal;font-weight:400\">Une&nbsp;<strong>crevaison<\/strong>&nbsp;peut survenir \u00e0 tout moment et vous immobiliser au pire endroit possible. C&rsquo;est pr\u00e9cis\u00e9ment pour ces situations d&rsquo;urgence que&nbsp;<strong>SOS D\u00e9pannage Pneu<\/strong>&nbsp;propose un service de d\u00e9pannage pneumatique pour v\u00e9hicules l\u00e9gers et utilitaires, disponible&nbsp;<strong>24h\/24 et 7j\/7<\/strong>&nbsp;sur Lille et toute la r\u00e9gion.<\/p>\n\n\n\n<p class=\"has-text-color has-link-color has-outfit-font-family wp-elements-dd96ed30b8b995ea80d0faadb30c3844\" style=\"color:#000000;font-size:clamp(14px, 0.875rem + ((1vw - 3.2px) * 0.227), 16px);font-style:normal;font-weight:400\">Que vous soyez un&nbsp;<strong>particulier<\/strong>&nbsp;confront\u00e9 \u00e0 une crevaison sur le trajet du travail, un&nbsp;<strong>professionnel<\/strong>&nbsp;avec une flotte de v\u00e9hicules utilitaires, ou simplement en d\u00e9placement dans la r\u00e9gion lilloise, notre \u00e9quipe intervient rapidement pour vous remettre sur la route en toute s\u00e9curit\u00e9.<\/p>\n\n\n\n<div class=\"wp-block-buttons is-layout-flex wp-block-buttons-is-layout-flex\">\n<div class=\"wp-block-button\"><a class=\"wp-block-button__link has-luminous-vivid-amber-to-luminous-vivid-orange-gradient-background has-text-color has-background has-link-color has-outfit-font-family has-custom-font-size wp-element-button\" href=\"https:\/\/depannage-pneus-poids-lourd.fr\/index.php\/contact\/\" style=\"border-radius:0px;color:#ffffff;padding-top:8px;padding-right:60px;padding-bottom:8px;padding-left:60px;font-size:clamp(14px, 0.875rem + ((1vw - 3.2px) * 0.455), 18px);\">Appellez-nous<\/a><\/div>\n<\/div>\n<\/div>\n\n\n\n<div class=\"wp-block-column is-layout-flow wp-block-column-is-layout-flow\">\n<figure class=\"wp-block-image size-full\"><img loading=\"lazy\" decoding=\"async\" width=\"1224\" height=\"816\" src=\"https:\/\/depannage-pneus-poids-lourd.fr\/wp-content\/uploads\/2026\/01\/remplacement-de-pneus-poids-lourd-.jpg\" alt=\"\" class=\"wp-image-135\" style=\"aspect-ratio:4\/3;object-fit:cover\" srcset=\"https:\/\/depannage-pneus-poids-lourd.fr\/wp-content\/uploads\/2026\/01\/remplacement-de-pneus-poids-lourd-.jpg 1224w, https:\/\/depannage-pneus-poids-lourd.fr\/wp-content\/uploads\/2026\/01\/remplacement-de-pneus-poids-lourd--300x200.jpg 300w, https:\/\/depannage-pneus-poids-lourd.fr\/wp-content\/uploads\/2026\/01\/remplacement-de-pneus-poids-lourd--1024x683.jpg 1024w, https:\/\/depannage-pneus-poids-lourd.fr\/wp-content\/uploads\/2026\/01\/remplacement-de-pneus-poids-lourd--768x512.jpg 768w\" sizes=\"auto, (max-width: 1224px) 100vw, 1224px\" \/><\/figure>\n<\/div>\n<\/div>\n<\/div>\n<\/div>\n\n\n\n<section class=\"wp-block-cover alignfull\" style=\"margin-top:0px;padding-top:1.01rem;padding-bottom:1.01rem;min-height:750px;aspect-ratio:unset;\"><img loading=\"lazy\" decoding=\"async\" width=\"720\" height=\"480\" class=\"wp-block-cover__image-background wp-image-139 size-full\" alt=\"\" src=\"https:\/\/depannage-pneus-poids-lourd.fr\/wp-content\/uploads\/2026\/01\/specialiste-pneus-poids-lourd-creve-a-Lille-.jpg\" data-object-fit=\"cover\" srcset=\"https:\/\/depannage-pneus-poids-lourd.fr\/wp-content\/uploads\/2026\/01\/specialiste-pneus-poids-lourd-creve-a-Lille-.jpg 720w, https:\/\/depannage-pneus-poids-lourd.fr\/wp-content\/uploads\/2026\/01\/specialiste-pneus-poids-lourd-creve-a-Lille--300x200.jpg 300w\" sizes=\"auto, (max-width: 720px) 100vw, 720px\" \/><span aria-hidden=\"true\" class=\"wp-block-cover__background has-background-dim-0 has-background-dim\" style=\"background-color:#edf1f2\"><\/span><div class=\"wp-block-cover__inner-container has-global-padding is-layout-constrained wp-container-core-cover-is-layout-08e95c49 wp-block-cover-is-layout-constrained\">\n<div class=\"wp-block-group is-vertical is-content-justification-center is-nowrap is-layout-flex wp-container-core-group-is-layout-36c4bdba wp-block-group-is-layout-flex\" style=\"margin-top:0px;padding-top:0rem;padding-right:1rem;padding-bottom:0rem;padding-left:1rem;font-size:clamp(0.875rem, 0.875rem + ((1vw - 0.2rem) * 0.464), 1.13rem);font-style:normal;font-weight:400;line-height:1.4\">\n<div class=\"wp-block-group has-background has-global-padding is-layout-constrained wp-container-core-group-is-layout-1a95df51 wp-block-group-is-layout-constrained\" style=\"background-color:#fffffd;padding-top:4.21rem;padding-right:2.51rem;padding-bottom:4.51rem;padding-left:2.51rem\">\n<h2 class=\"wp-block-heading has-text-align-center has-text-color\" style=\"color:#010101;margin-bottom:0rem;font-size:clamp(1.888rem, 1.888rem + ((1vw - 0.2rem) * 2.585), 3.31rem);font-style:normal;font-weight:400;line-height:1.2\"><strong>Zones couvertes <\/strong><\/h2>\n\n\n\n<p class=\"has-text-align-center has-text-color\" style=\"color:#010101;font-size:clamp(0.875rem, 0.875rem + ((1vw - 0.2rem) * 0.609), 1.21rem);line-height:1.5\">Lille, Roubaix, Tourcoing, Villeneuve-d&rsquo;Ascq, Seclin, Armenti\u00e8res et toute la r\u00e9gion Nord.<\/p>\n<\/div>\n<\/div>\n<\/div><\/section>\n","protected":false},"excerpt":{"rendered":"<p>D\u00e9pannage Pneu Auto \u00e0 Lille Votre voiture est immobilis\u00e9e \u00e0 cause d\u2019une crevaison ?&nbsp;SOS D\u00e9pannage Pneu Auto \u00e0 Lille&nbsp;intervient rapidement pour : Nous intervenons sur&nbsp;tous types de v\u00e9hicules&nbsp;: citadine, berline, utilitaire. Plus besoin de faire remorquer votre v\u00e9hicule au garage ! Nous venons \u00e0 vous. Que vous soyez au bureau, \u00e0 la maison ou sur [&hellip;]<\/p>\n","protected":false},"author":1,"featured_media":0,"parent":0,"menu_order":0,"comment_status":"closed","ping_status":"closed","template":"","meta":{"footnotes":""},"class_list":["post-10","page","type-page","status-publish","hentry"],"yoast_head":"<!-- This site is optimized with the Yoast SEO plugin v27.0 - https:\/\/yoast.com\/product\/yoast-seo-wordpress\/ -->\n<title>D\u00e9pannage pneu auto - SOS DEPANNAGE PNEUS POIDS LOURD<\/title>\n<meta name=\"robots\" content=\"index, follow, max-snippet:-1, max-image-preview:large, max-video-preview:-1\" \/>\n<link rel=\"canonical\" href=\"https:\/\/depannage-pneus-poids-lourd.fr\/index.php\/depannage\/\" \/>\n<meta property=\"og:locale\" content=\"fr_FR\" \/>\n<meta property=\"og:type\" content=\"article\" \/>\n<meta property=\"og:title\" content=\"D\u00e9pannage pneu auto - SOS DEPANNAGE PNEUS POIDS LOURD\" \/>\n<meta property=\"og:description\" content=\"D\u00e9pannage Pneu Auto \u00e0 Lille Votre voiture est immobilis\u00e9e \u00e0 cause d\u2019une crevaison ?&nbsp;SOS D\u00e9pannage Pneu Auto \u00e0 Lille&nbsp;intervient rapidement pour : Nous intervenons sur&nbsp;tous types de v\u00e9hicules&nbsp;: citadine, berline, utilitaire. Plus besoin de faire remorquer votre v\u00e9hicule au garage ! Nous venons \u00e0 vous. Que vous soyez au bureau, \u00e0 la maison ou sur [&hellip;]\" \/>\n<meta property=\"og:url\" content=\"https:\/\/depannage-pneus-poids-lourd.fr\/index.php\/depannage\/\" \/>\n<meta property=\"og:site_name\" content=\"SOS DEPANNAGE PNEUS POIDS LOURD\" \/>\n<meta property=\"article:modified_time\" content=\"2026-02-03T15:29:02+00:00\" \/>\n<meta property=\"og:image\" content=\"http:\/\/depannage-pneus-poids-lourd.fr\/wp-content\/uploads\/2026\/01\/reparation-pneu-voiture-a-lille.jpg\" \/>\n<meta name=\"twitter:card\" content=\"summary_large_image\" \/>\n<meta name=\"twitter:label1\" content=\"Dur\u00e9e de lecture estim\u00e9e\" \/>\n\t<meta name=\"twitter:data1\" content=\"2 minutes\" \/>\n<script type=\"application\/ld+json\" class=\"yoast-schema-graph\">{\"@context\":\"https:\/\/schema.org\",\"@graph\":[{\"@type\":\"WebPage\",\"@id\":\"https:\/\/depannage-pneus-poids-lourd.fr\/index.php\/depannage\/\",\"url\":\"https:\/\/depannage-pneus-poids-lourd.fr\/index.php\/depannage\/\",\"name\":\"D\u00e9pannage pneu auto - SOS DEPANNAGE PNEUS POIDS LOURD\",\"isPartOf\":{\"@id\":\"https:\/\/depannage-pneus-poids-lourd.fr\/#website\"},\"primaryImageOfPage\":{\"@id\":\"https:\/\/depannage-pneus-poids-lourd.fr\/index.php\/depannage\/#primaryimage\"},\"image\":{\"@id\":\"https:\/\/depannage-pneus-poids-lourd.fr\/index.php\/depannage\/#primaryimage\"},\"thumbnailUrl\":\"http:\/\/depannage-pneus-poids-lourd.fr\/wp-content\/uploads\/2026\/01\/reparation-pneu-voiture-a-lille.jpg\",\"datePublished\":\"2026-01-29T15:39:18+00:00\",\"dateModified\":\"2026-02-03T15:29:02+00:00\",\"breadcrumb\":{\"@id\":\"https:\/\/depannage-pneus-poids-lourd.fr\/index.php\/depannage\/#breadcrumb\"},\"inLanguage\":\"fr-FR\",\"potentialAction\":[{\"@type\":\"ReadAction\",\"target\":[\"https:\/\/depannage-pneus-poids-lourd.fr\/index.php\/depannage\/\"]}]},{\"@type\":\"ImageObject\",\"inLanguage\":\"fr-FR\",\"@id\":\"https:\/\/depannage-pneus-poids-lourd.fr\/index.php\/depannage\/#primaryimage\",\"url\":\"https:\/\/depannage-pneus-poids-lourd.fr\/wp-content\/uploads\/2026\/01\/reparation-pneu-voiture-a-lille.jpg\",\"contentUrl\":\"https:\/\/depannage-pneus-poids-lourd.fr\/wp-content\/uploads\/2026\/01\/reparation-pneu-voiture-a-lille.jpg\",\"width\":520,\"height\":174},{\"@type\":\"BreadcrumbList\",\"@id\":\"https:\/\/depannage-pneus-poids-lourd.fr\/index.php\/depannage\/#breadcrumb\",\"itemListElement\":[{\"@type\":\"ListItem\",\"position\":1,\"name\":\"Home\",\"item\":\"https:\/\/depannage-pneus-poids-lourd.fr\/\"},{\"@type\":\"ListItem\",\"position\":2,\"name\":\"D\u00e9pannage pneu auto\"}]},{\"@type\":\"WebSite\",\"@id\":\"https:\/\/depannage-pneus-poids-lourd.fr\/#website\",\"url\":\"https:\/\/depannage-pneus-poids-lourd.fr\/\",\"name\":\"SOS DEPANNAGE PNEUS POIDS LOURD\",\"description\":\"Le r\u00e9flexe poids lourd, 24h\/24.\",\"publisher\":{\"@id\":\"https:\/\/depannage-pneus-poids-lourd.fr\/#organization\"},\"potentialAction\":[{\"@type\":\"SearchAction\",\"target\":{\"@type\":\"EntryPoint\",\"urlTemplate\":\"https:\/\/depannage-pneus-poids-lourd.fr\/?s={search_term_string}\"},\"query-input\":{\"@type\":\"PropertyValueSpecification\",\"valueRequired\":true,\"valueName\":\"search_term_string\"}}],\"inLanguage\":\"fr-FR\"},{\"@type\":\"Organization\",\"@id\":\"https:\/\/depannage-pneus-poids-lourd.fr\/#organization\",\"name\":\"SOS DEPANNAGE PNEUS POIDS LOURD\",\"url\":\"https:\/\/depannage-pneus-poids-lourd.fr\/\",\"logo\":{\"@type\":\"ImageObject\",\"inLanguage\":\"fr-FR\",\"@id\":\"https:\/\/depannage-pneus-poids-lourd.fr\/#\/schema\/logo\/image\/\",\"url\":\"https:\/\/depannage-pneus-poids-lourd.fr\/wp-content\/uploads\/2026\/02\/Logo-Depannage-pneus-poids-lourd-V1.png\",\"contentUrl\":\"https:\/\/depannage-pneus-poids-lourd.fr\/wp-content\/uploads\/2026\/02\/Logo-Depannage-pneus-poids-lourd-V1.png\",\"width\":2000,\"height\":2000,\"caption\":\"SOS DEPANNAGE PNEUS POIDS LOURD\"},\"image\":{\"@id\":\"https:\/\/depannage-pneus-poids-lourd.fr\/#\/schema\/logo\/image\/\"}}]}<\/script>\n<!-- \/ Yoast SEO plugin. -->","yoast_head_json":{"title":"D\u00e9pannage pneu auto - SOS DEPANNAGE PNEUS POIDS LOURD","robots":{"index":"index","follow":"follow","max-snippet":"max-snippet:-1","max-image-preview":"max-image-preview:large","max-video-preview":"max-video-preview:-1"},"canonical":"https:\/\/depannage-pneus-poids-lourd.fr\/index.php\/depannage\/","og_locale":"fr_FR","og_type":"article","og_title":"D\u00e9pannage pneu auto - SOS DEPANNAGE PNEUS POIDS LOURD","og_description":"D\u00e9pannage Pneu Auto \u00e0 Lille Votre voiture est immobilis\u00e9e \u00e0 cause d\u2019une crevaison ?&nbsp;SOS D\u00e9pannage Pneu Auto \u00e0 Lille&nbsp;intervient rapidement pour : Nous intervenons sur&nbsp;tous types de v\u00e9hicules&nbsp;: citadine, berline, utilitaire. Plus besoin de faire remorquer votre v\u00e9hicule au garage ! Nous venons \u00e0 vous. Que vous soyez au bureau, \u00e0 la maison ou sur [&hellip;]","og_url":"https:\/\/depannage-pneus-poids-lourd.fr\/index.php\/depannage\/","og_site_name":"SOS DEPANNAGE PNEUS POIDS LOURD","article_modified_time":"2026-02-03T15:29:02+00:00","og_image":[{"url":"http:\/\/depannage-pneus-poids-lourd.fr\/wp-content\/uploads\/2026\/01\/reparation-pneu-voiture-a-lille.jpg","type":"","width":"","height":""}],"twitter_card":"summary_large_image","twitter_misc":{"Dur\u00e9e de lecture estim\u00e9e":"2 minutes"},"schema":{"@context":"https:\/\/schema.org","@graph":[{"@type":"WebPage","@id":"https:\/\/depannage-pneus-poids-lourd.fr\/index.php\/depannage\/","url":"https:\/\/depannage-pneus-poids-lourd.fr\/index.php\/depannage\/","name":"D\u00e9pannage pneu auto - SOS DEPANNAGE PNEUS POIDS LOURD","isPartOf":{"@id":"https:\/\/depannage-pneus-poids-lourd.fr\/#website"},"primaryImageOfPage":{"@id":"https:\/\/depannage-pneus-poids-lourd.fr\/index.php\/depannage\/#primaryimage"},"image":{"@id":"https:\/\/depannage-pneus-poids-lourd.fr\/index.php\/depannage\/#primaryimage"},"thumbnailUrl":"http:\/\/depannage-pneus-poids-lourd.fr\/wp-content\/uploads\/2026\/01\/reparation-pneu-voiture-a-lille.jpg","datePublished":"2026-01-29T15:39:18+00:00","dateModified":"2026-02-03T15:29:02+00:00","breadcrumb":{"@id":"https:\/\/depannage-pneus-poids-lourd.fr\/index.php\/depannage\/#breadcrumb"},"inLanguage":"fr-FR","potentialAction":[{"@type":"ReadAction","target":["https:\/\/depannage-pneus-poids-lourd.fr\/index.php\/depannage\/"]}]},{"@type":"ImageObject","inLanguage":"fr-FR","@id":"https:\/\/depannage-pneus-poids-lourd.fr\/index.php\/depannage\/#primaryimage","url":"https:\/\/depannage-pneus-poids-lourd.fr\/wp-content\/uploads\/2026\/01\/reparation-pneu-voiture-a-lille.jpg","contentUrl":"https:\/\/depannage-pneus-poids-lourd.fr\/wp-content\/uploads\/2026\/01\/reparation-pneu-voiture-a-lille.jpg","width":520,"height":174},{"@type":"BreadcrumbList","@id":"https:\/\/depannage-pneus-poids-lourd.fr\/index.php\/depannage\/#breadcrumb","itemListElement":[{"@type":"ListItem","position":1,"name":"Home","item":"https:\/\/depannage-pneus-poids-lourd.fr\/"},{"@type":"ListItem","position":2,"name":"D\u00e9pannage pneu auto"}]},{"@type":"WebSite","@id":"https:\/\/depannage-pneus-poids-lourd.fr\/#website","url":"https:\/\/depannage-pneus-poids-lourd.fr\/","name":"SOS DEPANNAGE PNEUS POIDS LOURD","description":"Le r\u00e9flexe poids lourd, 24h\/24.","publisher":{"@id":"https:\/\/depannage-pneus-poids-lourd.fr\/#organization"},"potentialAction":[{"@type":"SearchAction","target":{"@type":"EntryPoint","urlTemplate":"https:\/\/depannage-pneus-poids-lourd.fr\/?s={search_term_string}"},"query-input":{"@type":"PropertyValueSpecification","valueRequired":true,"valueName":"search_term_string"}}],"inLanguage":"fr-FR"},{"@type":"Organization","@id":"https:\/\/depannage-pneus-poids-lourd.fr\/#organization","name":"SOS DEPANNAGE PNEUS POIDS LOURD","url":"https:\/\/depannage-pneus-poids-lourd.fr\/","logo":{"@type":"ImageObject","inLanguage":"fr-FR","@id":"https:\/\/depannage-pneus-poids-lourd.fr\/#\/schema\/logo\/image\/","url":"https:\/\/depannage-pneus-poids-lourd.fr\/wp-content\/uploads\/2026\/02\/Logo-Depannage-pneus-poids-lourd-V1.png","contentUrl":"https:\/\/depannage-pneus-poids-lourd.fr\/wp-content\/uploads\/2026\/02\/Logo-Depannage-pneus-poids-lourd-V1.png","width":2000,"height":2000,"caption":"SOS DEPANNAGE PNEUS POIDS LOURD"},"image":{"@id":"https:\/\/depannage-pneus-poids-lourd.fr\/#\/schema\/logo\/image\/"}}]}},"_links":{"self":[{"href":"https:\/\/depannage-pneus-poids-lourd.fr\/index.php\/wp-json\/wp\/v2\/pages\/10","targetHints":{"allow":["GET"]}}],"collection":[{"href":"https:\/\/depannage-pneus-poids-lourd.fr\/index.php\/wp-json\/wp\/v2\/pages"}],"about":[{"href":"https:\/\/depannage-pneus-poids-lourd.fr\/index.php\/wp-json\/wp\/v2\/types\/page"}],"author":[{"embeddable":true,"href":"https:\/\/depannage-pneus-poids-lourd.fr\/index.php\/wp-json\/wp\/v2\/users\/1"}],"replies":[{"embeddable":true,"href":"https:\/\/depannage-pneus-poids-lourd.fr\/index.php\/wp-json\/wp\/v2\/comments?post=10"}],"version-history":[{"count":8,"href":"https:\/\/depannage-pneus-poids-lourd.fr\/index.php\/wp-json\/wp\/v2\/pages\/10\/revisions"}],"predecessor-version":[{"id":201,"href":"https:\/\/depannage-pneus-poids-lourd.fr\/index.php\/wp-json\/wp\/v2\/pages\/10\/revisions\/201"}],"wp:attachment":[{"href":"https:\/\/depannage-pneus-poids-lourd.fr\/index.php\/wp-json\/wp\/v2\/media?parent=10"}],"curies":[{"name":"wp","href":"https:\/\/api.w.org\/{rel}","templated":true}]}}